{"id":1298,"date":"2022-02-01T13:10:13","date_gmt":"2022-02-01T12:10:13","guid":{"rendered":"https:\/\/www.reintzmap.com\/?page_id=1298"},"modified":"2023-01-26T13:47:04","modified_gmt":"2023-01-26T12:47:04","slug":"integritetspolicy","status":"publish","type":"page","link":"https:\/\/www.reintzmap.com\/sv\/integritetspolicy\/","title":{"rendered":"Integritetspolicy"},"content":{"rendered":"<div id='av_section_1'  class='avia-section av-5s30xe-8377c4ae773ec121066c9fd616cd250f main_color avia-section-default avia-no-border-styling  avia-builder-el-0  avia-builder-el-no-sibling  avia-bg-style-scroll container_wrap fullsize'  ><div class='container av-section-cont-open' ><main  class='template-page content  av-content-full alpha units'><div class='post-entry post-entry-type-page post-entry-1298'><div class='entry-content-wrapper clearfix'>\n\n<style type=\"text\/css\" data-created_by=\"avia_inline_auto\" id=\"style-css-av-3t8nnm-ddddaf58d1baab69a5fc5700ab9f03bc\">\n.flex_column.av-3t8nnm-ddddaf58d1baab69a5fc5700ab9f03bc{\nborder-radius:0px 0px 0px 0px;\npadding:0px 0px 0px 0px;\n}\n<\/style>\n<div  class='flex_column av-3t8nnm-ddddaf58d1baab69a5fc5700ab9f03bc av_one_half  avia-builder-el-1  el_before_av_one_half  avia-builder-el-first  first flex_column_div av-zero-column-padding  '     ><section  class='av_textblock_section av-kz42sd97-2db952c9e1bfd426204b0f2b562291b4 '  ><div class='avia_textblock' ><h2>INTEGRITETSPOLICY<\/h2>\n<p><a href=\"https:\/\/eur-lex.europa.eu\/legal-content\/SV\/TXT\/?uri=celex:32016R0679\" target=\"_blank\" rel=\"noopener\">Dataskyddsf\u00f6rordningen (EU) 2016\/679<\/a>, \u00e4ven kallad GDPR, reglerar hur myndigheter, f\u00f6retag och organisationer behandlar personuppgifter. F\u00f6rordningen syftar bl.a. till att skydda dina personuppgifter s\u00e5 att de inte anv\u00e4nds f\u00f6r andra \u00e4ndam\u00e5l \u00e4n det du l\u00e4mnade dem f\u00f6r.<\/p>\n<p>Till <strong>personuppgifter<\/strong> r\u00e4knas all slags information som kan knytas till en levande &#8211; fysisk person, till exempel personnummer<br \/>\n&#8211; namn<br \/>\n&#8211; adress<br \/>\n&#8211; foton<br \/>\n&#8211; identifikationer online<br \/>\n\u00c4ven uppgifter som till exempel IP-nummer kan, om de kombineras med andra uppgifter tillsammans utg\u00f6ra en personuppgift.<\/p>\n<p><strong>Behandlin<\/strong>g av personuppgifter innefattar all hantering av personuppgifter, till exempel insamling, registrering och lagring.<\/p>\n<p><strong>Personuppgiftsansvarig<\/strong>\u00a0\u00e4r den som ensam eller tillsammans med andra best\u00e4mmer \u00e4ndam\u00e5len och medlen f\u00f6r behandlingen av personuppgifter.<\/p>\n<h2>INSAMLING OCH BEHANDLING AV PERSONUPPGIFTER<\/h2>\n<p>Reintzmap AB 559246-3193, \u00e4r personuppgiftsansvarig f\u00f6r den behandling av personuppgifter som beskrivs nedan. Vanligaste anledningen till att vi har information om dig \u00e4r att du \u00e4r eller vill bli kund hos oss. Alla insamling och behandling av personuppgifter har som syfte bidra till detta m\u00e5l.<\/p>\n<p><strong>Vilka personuppgifter samlar vi in och n\u00e4r?<\/strong><\/p>\n<p>Person- och kontaktinformation, som t.ex. namn, e-postadress och telefonnummer, <strong>som du ger till oss<\/strong>, till exempel n\u00e4r du skickar in en fr\u00e5ga eller synpunkter med kontaktformul\u00e4ret. \u00c4ven i andra sammanhang som t.ex. n\u00e4r du interagerar med oss p\u00e5 sociala medier kan vi samla in s\u00e5dan person- och kontaktinformation.<\/p>\n<p>Vi kan komma att aktivt <strong>samla in person- och kontaktinformation<\/strong>\u00a0om dig t.ex om du arbetar som kontaktperson p\u00e5 ett f\u00f6retag eller \u00e4r en offentlig person, journalist eller liknande.<\/p>\n<p>Som <strong>bes\u00f6kare p\u00e5 v\u00e5r webbplats<\/strong> kan vi samla in information om hur du interagerar med och anv\u00e4nder v\u00e5ra webbsidor samt teknisk enhetsinformation, t.ex IP-adress, spr\u00e5kinst\u00e4llningar, webbl\u00e4sarinst\u00e4llningar, tidszon, operativsystem, plattform och sk\u00e4rmuppl\u00f6sning.<\/p>\n<p><strong>Hur l\u00e4nge sparar vi dina personuppgifter?<\/strong><\/p>\n<p>Vi sparar aldrig dina personuppgifter l\u00e4ngre \u00e4n vad som \u00e4r n\u00f6dv\u00e4ndigt f\u00f6r respektive \u00e4ndam\u00e5l eller f\u00f6r vad som \u00e4r n\u00f6dv\u00e4ndigt f\u00f6r andra ber\u00e4ttigade intressen. De insamlade uppgifterna f\u00e5r lagras f\u00f6r kvalitetss\u00e4krings\u00e4ndam\u00e5l under en period p\u00e5 h\u00f6gst tv\u00e5 \u00e5r.<\/p>\n<p><strong>Vilka kan vi komma att dela information till?<\/strong><\/p>\n<p>F\u00f6rslag och kommentarer som du skickar till oss med kontaktformul\u00e4ret kan, om vi bed\u00f6mer det l\u00e4mpligt, komma att vidarebefordras till ber\u00f6rt f\u00f6retag eller organisation. I \u00f6vrigt delar vi inte personuppgifter med 3:e part.<\/p>\n<p><strong>Vad har du f\u00f6r r\u00e4ttigheter som registrerad?<\/strong><\/p>\n<p><strong>R\u00e4tt till tillg\u00e5ng (registerutdrag).<\/strong> Du har r\u00e4tt att f\u00e5 tillg\u00e5ng till de uppgifter vi behandlar om just dig och kan beg\u00e4ra en kopia av dessa.<\/p>\n<p><strong>R\u00e4tt till r\u00e4ttelse.<\/strong> Du har r\u00e4tt att korrigera felaktig eller icke-komplett information om dig inom ramen f\u00f6r \u00e4ndam\u00e5let de behandlas f\u00f6r.<\/p>\n<p><strong>R\u00e4tt till radering (\u201dr\u00e4tten att bli bortgl\u00f6md\u201d).<\/strong> Du har r\u00e4tt att beg\u00e4ra att vi ska radera de personuppgifter vi behandlar.<\/p>\n<p><strong>R\u00e4tt till begr\u00e4nsning.<\/strong> Under vissa omst\u00e4ndigheter kan du ha r\u00e4tt att beg\u00e4ra att v\u00e5r behandling av dina personuppgifter begr\u00e4nsas. Till exempel om du skulle ifr\u00e5gas\u00e4tta huruvida uppgifterna \u00e4r korrekta eller om vi inte l\u00e4ngre beh\u00f6ver dem f\u00f6r v\u00e5ra \u00e4ndam\u00e5l men du beh\u00f6ver dem f\u00f6r att kunna fastst\u00e4lla, g\u00f6ra g\u00e4llande eller f\u00f6rsvara r\u00e4ttsliga anspr\u00e5k. Det inneb\u00e4r att du kan beg\u00e4ra att vi inte raderar dina uppgifter.<\/p>\n<p>I vissa kan du ha direkt\u00e5tkomst till de lagrade uppgifterna, t.ex. som del av ett evenemang publicerat p\u00e5 webbplatsen. Om du i andra fall vill veta vilka personuppgifter som lagras f\u00f6r din r\u00e4kning eller om du vill \u00e4ndra eller radera uppgifterna, kontakta den registeransvariga via <a href=\"mailto:henrik@reintz.se\">henrik@reintz.se<\/a>.<\/p>\n<\/div><\/section><\/div>\n<style type=\"text\/css\" data-created_by=\"avia_inline_auto\" id=\"style-css-av-2hmmeq-3825ddcb13635b6cb2d2f4d6d66e9a31\">\n.flex_column.av-2hmmeq-3825ddcb13635b6cb2d2f4d6d66e9a31{\nborder-radius:0px 0px 0px 0px;\npadding:0px 0px 0px 0px;\n}\n<\/style>\n<div  class='flex_column av-2hmmeq-3825ddcb13635b6cb2d2f4d6d66e9a31 av_one_half  avia-builder-el-3  el_after_av_one_half  avia-builder-el-last  flex_column_div av-zero-column-padding  '     ><section  class='av_textblock_section av-kz42sils-a3f246dff6fbd1cdbb401711e686d22e '  ><div class='avia_textblock' ><h2>ANV\u00c4NDING AV COOKIES<\/h2>\n<p>Cookies \u00e4r en liten textfil best\u00e5ende av bokst\u00e4ver och siffror som skickas fr\u00e5n v\u00e5r webbserver och sparas p\u00e5 din webbl\u00e4sare eller enhet. S\u00e5dana kan utg\u00f6ras av s\u00e5 kallade:<\/p>\n<ul>\n<li>Sessionscookies (en tillf\u00e4llig cookie som upph\u00f6r n\u00e4r du st\u00e4nger din webbl\u00e4sare eller enhet).<\/li>\n<li>Varaktiga cookies (cookies som ligger kvar p\u00e5 din dator tills du tar bort dem eller de g\u00e5r ut).<\/li>\n<li>F\u00f6rstapartscookies (cookies satta av den webbplatsen du bes\u00f6ker).<\/li>\n<li>Tredjepartscookies (cookies satta av en tredjepartssida) Dessa anv\u00e4nds f\u00f6r statistik oh analyser, t.ex. Google Analytics.<\/li>\n<\/ul>\n<p>Du kan styra anv\u00e4ndningen och omfattningen av cookies genom att \u00e4ndra inst\u00e4llningarna i din egen webbl\u00e4sare, till exempel genom att blockera alla cookies, endast acceptera f\u00f6rstapartscookies eller radera cookies n\u00e4r du st\u00e4nger ner din webbl\u00e4sare. Var dock medveten om att s\u00e5dana inst\u00e4llningar kan g\u00f6ra att vissa webbsidor kanske inte fungerar fullt ut.<\/p>\n<h2>KONTAKT, FR\u00c5GOR OCH MER INFORMATION<\/h2>\n<p>Om du har n\u00e5gra fr\u00e5gor kopplade till hur vi behandlar dina personuppgifter \u00e4r du v\u00e4lkommen att kontakta oss: <a href=\"mailto:henrik@reintz.se\">henrik@reintz.se<\/a> Du kan n\u00e4r som helst kontakta oss f\u00f6r att beg\u00e4ra r\u00e4ttelse, radering eller begr\u00e4nsning av dina personuppgifter eller om du vill beg\u00e4ra utdrag av dina personuppgifter.<\/p>\n<p><strong>Integritetsskyddsmyndigheten<\/strong> \u00e4r den tillsynsmyndighet som \u00e4r ansvarig f\u00f6r att \u00f6vervaka till\u00e4mpningen av integritetslagstiftningen. Om du anser att vi hanterar personuppgifter p\u00e5 ett felaktigt s\u00e4tt kan du l\u00e4mna in ett klagom\u00e5l till dem.<\/p>\n<p>Postadress: Integritetsskyddsmyndigheten, Box 8114, 104 20 Stockholm<br \/>\nTelefon: 08-657 61 00<br \/>\nE-mail: <a href=\"mailto:imy@imy.se\">imy@imy.se<\/a><\/p>\n<p>Mer information finns ocks\u00e5 p\u00e5 <a href=\"https:\/\/www.imy.se\/privatperson\/dataskydd\/\" target=\"_blank\" rel=\"noopener\"><strong>Integritetsskyddsmyndigheten webbplats<\/strong><\/a>.<\/p>\n<\/div><\/section><\/div>\n","protected":false},"excerpt":{"rendered":"","protected":false},"author":2,"featured_media":0,"parent":0,"menu_order":0,"comment_status":"closed","ping_status":"closed","template":"","meta":{"footnotes":""},"class_list":["post-1298","page","type-page","status-publish","hentry"],"_links":{"self":[{"href":"https:\/\/www.reintzmap.com\/sv\/wp-json\/wp\/v2\/pages\/1298","targetHints":{"allow":["GET"]}}],"collection":[{"href":"https:\/\/www.reintzmap.com\/sv\/wp-json\/wp\/v2\/pages"}],"about":[{"href":"https:\/\/www.reintzmap.com\/sv\/wp-json\/wp\/v2\/types\/page"}],"author":[{"embeddable":true,"href":"https:\/\/www.reintzmap.com\/sv\/wp-json\/wp\/v2\/users\/2"}],"replies":[{"embeddable":true,"href":"https:\/\/www.reintzmap.com\/sv\/wp-json\/wp\/v2\/comments?post=1298"}],"version-history":[{"count":3,"href":"https:\/\/www.reintzmap.com\/sv\/wp-json\/wp\/v2\/pages\/1298\/revisions"}],"predecessor-version":[{"id":1356,"href":"https:\/\/www.reintzmap.com\/sv\/wp-json\/wp\/v2\/pages\/1298\/revisions\/1356"}],"wp:attachment":[{"href":"https:\/\/www.reintzmap.com\/sv\/wp-json\/wp\/v2\/media?parent=1298"}],"curies":[{"name":"wp","href":"https:\/\/api.w.org\/{rel}","templated":true}]}}